{"id":54372,"date":"2022-08-14T07:47:37","date_gmt":"2022-08-14T06:47:37","guid":{"rendered":"https:\/\/hurtyworld.com\/hurtyworld\/"},"modified":"2026-03-18T16:30:53","modified_gmt":"2026-03-18T15:30:53","slug":"hurtyworld","status":"publish","type":"page","link":"https:\/\/hurtyworld.com\/es\/","title":{"rendered":"HurtyWorld"},"content":{"rendered":"\t\t<div data-elementor-type=\"wp-page\" data-elementor-id=\"54372\" class=\"elementor elementor-54372 elementor-48170\">\n\t\t\t\t<div class=\"elementor-element elementor-element-64a61dd e-con-full e-flex e-con e-parent\" data-id=\"64a61dd\" data-element_type=\"container\" data-e-type=\"container\">\n\t\t\t\t<div class=\"elementor-element elementor-element-8e02e1e elementor-invisible elementor-widget elementor-widget-video\" data-id=\"8e02e1e\" data-element_type=\"widget\" data-e-type=\"widget\" data-settings=\"{&quot;video_type&quot;:&quot;hosted&quot;,&quot;autoplay&quot;:&quot;yes&quot;,&quot;_animation&quot;:&quot;fadeIn&quot;}\" data-widget_type=\"video.default\">\n\t\t\t\t<div class=\"elementor-widget-container\">\n\t\t\t\t\t\t\t<div class=\"e-hosted-video elementor-wrapper elementor-open-inline\">\n\t\t\t\t\t<video class=\"elementor-video\" src=\"https:\/\/hurtyworld.com\/wp-content\/uploads\/2025\/05\/hur_dev_prop_140_toon_low.mp4\" autoplay=\"\" controlsList=\"nodownload\"><\/video>\n\t\t\t\t<\/div>\n\t\t\t\t\t\t<\/div>\n\t\t\t\t<\/div>\n\t\t\t\t<div class=\"elementor-element elementor-element-14b0a79 elementor-widget elementor-widget-progress\" data-id=\"14b0a79\" data-element_type=\"widget\" data-e-type=\"widget\" data-widget_type=\"progress.default\">\n\t\t\t\t<div class=\"elementor-widget-container\">\n\t\t\t\t\t\t\t\t<span class=\"elementor-title\" id=\"elementor-progress-bar-14b0a79\">\n\t\t\t\tMi habilidad\t\t\t<\/span>\n\t\t\n\t\t<div aria-labelledby=\"elementor-progress-bar-14b0a79\" class=\"elementor-progress-wrapper\" role=\"progressbar\" aria-valuemin=\"0\" aria-valuemax=\"100\" aria-valuenow=\"50\" aria-valuetext=\"50% (Mundo Hurty)\">\n\t\t\t<div class=\"elementor-progress-bar\" data-max=\"50\">\n\t\t\t\t<span class=\"elementor-progress-text\">Mundo Hurty<\/span>\n\t\t\t\t\t\t\t\t\t<span class=\"elementor-progress-percentage\">50%<\/span>\n\t\t\t\t\t\t\t<\/div>\n\t\t<\/div>\n\t\t\t\t\t\t<\/div>\n\t\t\t\t<\/div>\n\t\t\t\t<div class=\"elementor-element elementor-element-c27ba35 elementor-view-default elementor-position-block-start elementor-mobile-position-block-start elementor-widget elementor-widget-icon-box\" data-id=\"c27ba35\" data-element_type=\"widget\" data-e-type=\"widget\" data-widget_type=\"icon-box.default\">\n\t\t\t\t<div class=\"elementor-widget-container\">\n\t\t\t\t\t\t\t<div class=\"elementor-icon-box-wrapper\">\n\n\t\t\t\t\t\t<div class=\"elementor-icon-box-icon\">\n\t\t\t\t<span  class=\"elementor-icon\">\n\t\t\t\t<svg aria-hidden=\"true\" class=\"e-font-icon-svg e-fas-star\" viewBox=\"0 0 576 512\" xmlns=\"http:\/\/www.w3.org\/2000\/svg\"><path d=\"M259.3 17.8L194 150.2 47.9 171.5c-26.2 3.8-36.7 36.1-17.7 54.6l105.7 103-25 145.5c-4.5 26.3 23.2 46 46.4 33.7L288 439.6l130.7 68.7c23.2 12.2 50.9-7.4 46.4-33.7l-25-145.5 105.7-103c19-18.5 8.5-50.8-17.7-54.6L382 150.2 316.7 17.8c-11.7-23.6-45.6-23.9-57.4 0z\"><\/path><\/svg>\t\t\t\t<\/span>\n\t\t\t<\/div>\n\t\t\t\n\t\t\t\t\t\t<div class=\"elementor-icon-box-content\">\n\n\t\t\t\t\t\t\t\t\t<h3 class=\"elementor-icon-box-title\">\n\t\t\t\t\t\t<span  >\n\t\t\t\t\t\t\tBienvenido a Hurty World\t\t\t\t\t\t<\/span>\n\t\t\t\t\t<\/h3>\n\t\t\t\t\n\t\t\t\t\t\t\t\t\t<p class=\"elementor-icon-box-description\">\n\t\t\t\t\t\tElige tu opci\u00f3n:\t\t\t\t\t<\/p>\n\t\t\t\t\n\t\t\t<\/div>\n\t\t\t\n\t\t<\/div>\n\t\t\t\t\t\t<\/div>\n\t\t\t\t<\/div>\n\t\t\t\t<\/div>\n\t\t<div class=\"elementor-element elementor-element-6a02f75 e-con-full e-flex e-con e-parent\" data-id=\"6a02f75\" data-element_type=\"container\" data-e-type=\"container\">\n\t\t<div class=\"elementor-element elementor-element-85ecb34 e-grid e-con-full e-con e-child\" data-id=\"85ecb34\" data-element_type=\"container\" data-e-type=\"container\" data-settings=\"{&quot;position&quot;:&quot;absolute&quot;}\">\n\t\t\t\t<div class=\"elementor-element elementor-element-dafe4c0 elementor-widget elementor-widget-image\" data-id=\"dafe4c0\" data-element_type=\"widget\" data-e-type=\"widget\" data-widget_type=\"image.default\">\n\t\t\t\t<div class=\"elementor-widget-container\">\n\t\t\t\t\t\t\t\t\t\t\t\t\t\t\t\t<a href=\"https:\/\/hurtyworld.com\/es\/cinema\/\">\n\t\t\t\t\t\t\t<img fetchpriority=\"high\" decoding=\"async\" width=\"300\" height=\"300\" src=\"https:\/\/hurtyworld.com\/wp-content\/uploads\/2024\/10\/hur_dev_prop_140_toon_HUR_CINE_1024x1024_v001_1100-300x300.jpg\" class=\"attachment-medium size-medium wp-image-54873\" alt=\"\" srcset=\"https:\/\/hurtyworld.com\/wp-content\/uploads\/2024\/10\/hur_dev_prop_140_toon_HUR_CINE_1024x1024_v001_1100-300x300.jpg 300w, https:\/\/hurtyworld.com\/wp-content\/uploads\/2024\/10\/hur_dev_prop_140_toon_HUR_CINE_1024x1024_v001_1100-100x100.jpg 100w, https:\/\/hurtyworld.com\/wp-content\/uploads\/2024\/10\/hur_dev_prop_140_toon_HUR_CINE_1024x1024_v001_1100-470x470.jpg 470w, https:\/\/hurtyworld.com\/wp-content\/uploads\/2024\/10\/hur_dev_prop_140_toon_HUR_CINE_1024x1024_v001_1100-150x150.jpg 150w, https:\/\/hurtyworld.com\/wp-content\/uploads\/2024\/10\/hur_dev_prop_140_toon_HUR_CINE_1024x1024_v001_1100-768x768.jpg 768w, https:\/\/hurtyworld.com\/wp-content\/uploads\/2024\/10\/hur_dev_prop_140_toon_HUR_CINE_1024x1024_v001_1100-75x75.jpg 75w, https:\/\/hurtyworld.com\/wp-content\/uploads\/2024\/10\/hur_dev_prop_140_toon_HUR_CINE_1024x1024_v001_1100.jpg 1024w\" sizes=\"(max-width: 300px) 100vw, 300px\" \/>\t\t\t\t\t\t\t\t<\/a>\n\t\t\t\t\t\t\t\t\t\t\t\t\t\t\t<\/div>\n\t\t\t\t<\/div>\n\t\t\t\t<div class=\"elementor-element elementor-element-89bbe39 elementor-widget elementor-widget-image\" data-id=\"89bbe39\" data-element_type=\"widget\" data-e-type=\"widget\" data-widget_type=\"image.default\">\n\t\t\t\t<div class=\"elementor-widget-container\">\n\t\t\t\t\t\t\t\t\t\t\t\t\t\t\t\t<a href=\"https:\/\/hurtyworld.com\/es\/conoce\/\">\n\t\t\t\t\t\t\t<img decoding=\"async\" width=\"300\" height=\"300\" src=\"https:\/\/hurtyworld.com\/wp-content\/uploads\/2026\/02\/hur_dev_prop_140_toon_EVE_CONOCE_1024x1024_v001_1100-1-300x300.jpg\" class=\"attachment-medium size-medium wp-image-54862\" alt=\"\" srcset=\"https:\/\/hurtyworld.com\/wp-content\/uploads\/2026\/02\/hur_dev_prop_140_toon_EVE_CONOCE_1024x1024_v001_1100-1-300x300.jpg 300w, https:\/\/hurtyworld.com\/wp-content\/uploads\/2026\/02\/hur_dev_prop_140_toon_EVE_CONOCE_1024x1024_v001_1100-1-150x150.jpg 150w, https:\/\/hurtyworld.com\/wp-content\/uploads\/2026\/02\/hur_dev_prop_140_toon_EVE_CONOCE_1024x1024_v001_1100-1-768x768.jpg 768w, https:\/\/hurtyworld.com\/wp-content\/uploads\/2026\/02\/hur_dev_prop_140_toon_EVE_CONOCE_1024x1024_v001_1100-1-75x75.jpg 75w, https:\/\/hurtyworld.com\/wp-content\/uploads\/2026\/02\/hur_dev_prop_140_toon_EVE_CONOCE_1024x1024_v001_1100-1-470x470.jpg 470w, https:\/\/hurtyworld.com\/wp-content\/uploads\/2026\/02\/hur_dev_prop_140_toon_EVE_CONOCE_1024x1024_v001_1100-1-100x100.jpg 100w, https:\/\/hurtyworld.com\/wp-content\/uploads\/2026\/02\/hur_dev_prop_140_toon_EVE_CONOCE_1024x1024_v001_1100-1.jpg 1024w\" sizes=\"(max-width: 300px) 100vw, 300px\" \/>\t\t\t\t\t\t\t\t<\/a>\n\t\t\t\t\t\t\t\t\t\t\t\t\t\t\t<\/div>\n\t\t\t\t<\/div>\n\t\t\t\t<div class=\"elementor-element elementor-element-a6350d8 elementor-widget elementor-widget-image\" data-id=\"a6350d8\" data-element_type=\"widget\" data-e-type=\"widget\" data-settings=\"{&quot;_animation&quot;:&quot;none&quot;}\" data-widget_type=\"image.default\">\n\t\t\t\t<div class=\"elementor-widget-container\">\n\t\t\t\t\t\t\t\t\t\t\t\t\t\t\t\t<a href=\"https:\/\/hurtyworld.com\/es\/aprende\/\">\n\t\t\t\t\t\t\t<img decoding=\"async\" width=\"300\" height=\"300\" src=\"https:\/\/hurtyworld.com\/wp-content\/uploads\/2026\/02\/hur_dev_prop_140_toon_DIDI_APRENDE_1024x1024_v001_1100-300x300.jpg\" class=\"attachment-medium size-medium wp-image-54904\" alt=\"\" srcset=\"https:\/\/hurtyworld.com\/wp-content\/uploads\/2026\/02\/hur_dev_prop_140_toon_DIDI_APRENDE_1024x1024_v001_1100-300x300.jpg 300w, https:\/\/hurtyworld.com\/wp-content\/uploads\/2026\/02\/hur_dev_prop_140_toon_DIDI_APRENDE_1024x1024_v001_1100-150x150.jpg 150w, https:\/\/hurtyworld.com\/wp-content\/uploads\/2026\/02\/hur_dev_prop_140_toon_DIDI_APRENDE_1024x1024_v001_1100-768x768.jpg 768w, https:\/\/hurtyworld.com\/wp-content\/uploads\/2026\/02\/hur_dev_prop_140_toon_DIDI_APRENDE_1024x1024_v001_1100-75x75.jpg 75w, https:\/\/hurtyworld.com\/wp-content\/uploads\/2026\/02\/hur_dev_prop_140_toon_DIDI_APRENDE_1024x1024_v001_1100-470x470.jpg 470w, https:\/\/hurtyworld.com\/wp-content\/uploads\/2026\/02\/hur_dev_prop_140_toon_DIDI_APRENDE_1024x1024_v001_1100-100x100.jpg 100w, https:\/\/hurtyworld.com\/wp-content\/uploads\/2026\/02\/hur_dev_prop_140_toon_DIDI_APRENDE_1024x1024_v001_1100.jpg 1024w\" sizes=\"(max-width: 300px) 100vw, 300px\" \/>\t\t\t\t\t\t\t\t<\/a>\n\t\t\t\t\t\t\t\t\t\t\t\t\t\t\t<\/div>\n\t\t\t\t<\/div>\n\t\t\t\t<div class=\"elementor-element elementor-element-2e0f905 elementor-widget elementor-widget-image\" data-id=\"2e0f905\" data-element_type=\"widget\" data-e-type=\"widget\" data-widget_type=\"image.default\">\n\t\t\t\t<div class=\"elementor-widget-container\">\n\t\t\t\t\t\t\t\t\t\t\t\t\t\t\t\t<a href=\"https:\/\/hurtyworld.com\/es\/juega\/\">\n\t\t\t\t\t\t\t<img loading=\"lazy\" decoding=\"async\" width=\"300\" height=\"300\" src=\"https:\/\/hurtyworld.com\/wp-content\/uploads\/2024\/12\/hur_dev_prop_140_toon_HH_PLAY_1024x1024_v001_1100-300x300.jpg\" class=\"attachment-medium size-medium wp-image-55068\" alt=\"\" srcset=\"https:\/\/hurtyworld.com\/wp-content\/uploads\/2024\/12\/hur_dev_prop_140_toon_HH_PLAY_1024x1024_v001_1100-300x300.jpg 300w, https:\/\/hurtyworld.com\/wp-content\/uploads\/2024\/12\/hur_dev_prop_140_toon_HH_PLAY_1024x1024_v001_1100-100x100.jpg 100w, https:\/\/hurtyworld.com\/wp-content\/uploads\/2024\/12\/hur_dev_prop_140_toon_HH_PLAY_1024x1024_v001_1100-470x470.jpg 470w, https:\/\/hurtyworld.com\/wp-content\/uploads\/2024\/12\/hur_dev_prop_140_toon_HH_PLAY_1024x1024_v001_1100-150x150.jpg 150w, https:\/\/hurtyworld.com\/wp-content\/uploads\/2024\/12\/hur_dev_prop_140_toon_HH_PLAY_1024x1024_v001_1100-768x768.jpg 768w, https:\/\/hurtyworld.com\/wp-content\/uploads\/2024\/12\/hur_dev_prop_140_toon_HH_PLAY_1024x1024_v001_1100-75x75.jpg 75w, https:\/\/hurtyworld.com\/wp-content\/uploads\/2024\/12\/hur_dev_prop_140_toon_HH_PLAY_1024x1024_v001_1100.jpg 1024w\" sizes=\"(max-width: 300px) 100vw, 300px\" \/>\t\t\t\t\t\t\t\t<\/a>\n\t\t\t\t\t\t\t\t\t\t\t\t\t\t\t<\/div>\n\t\t\t\t<\/div>\n\t\t\t\t<\/div>\n\t\t<div class=\"elementor-element elementor-element-77e1e36 e-grid e-con-full e-con e-child\" data-id=\"77e1e36\" data-element_type=\"container\" data-e-type=\"container\" data-settings=\"{&quot;position&quot;:&quot;absolute&quot;}\">\n\t\t\t\t<div class=\"elementor-element elementor-element-7ad25d8 elementor-widget elementor-widget-image\" data-id=\"7ad25d8\" data-element_type=\"widget\" data-e-type=\"widget\" data-widget_type=\"image.default\">\n\t\t\t\t<div class=\"elementor-widget-container\">\n\t\t\t\t\t\t\t\t\t\t\t\t\t\t\t<img loading=\"lazy\" decoding=\"async\" width=\"300\" height=\"300\" src=\"https:\/\/hurtyworld.com\/wp-content\/uploads\/2024\/10\/hur_dev_prop_140_toon_HUR_CINE_ON_1024x1024_v001_1100-300x300.jpg\" class=\"attachment-medium size-medium wp-image-54875\" alt=\"\" srcset=\"https:\/\/hurtyworld.com\/wp-content\/uploads\/2024\/10\/hur_dev_prop_140_toon_HUR_CINE_ON_1024x1024_v001_1100-300x300.jpg 300w, https:\/\/hurtyworld.com\/wp-content\/uploads\/2024\/10\/hur_dev_prop_140_toon_HUR_CINE_ON_1024x1024_v001_1100-100x100.jpg 100w, https:\/\/hurtyworld.com\/wp-content\/uploads\/2024\/10\/hur_dev_prop_140_toon_HUR_CINE_ON_1024x1024_v001_1100-470x470.jpg 470w, https:\/\/hurtyworld.com\/wp-content\/uploads\/2024\/10\/hur_dev_prop_140_toon_HUR_CINE_ON_1024x1024_v001_1100-150x150.jpg 150w, https:\/\/hurtyworld.com\/wp-content\/uploads\/2024\/10\/hur_dev_prop_140_toon_HUR_CINE_ON_1024x1024_v001_1100-768x768.jpg 768w, https:\/\/hurtyworld.com\/wp-content\/uploads\/2024\/10\/hur_dev_prop_140_toon_HUR_CINE_ON_1024x1024_v001_1100-75x75.jpg 75w, https:\/\/hurtyworld.com\/wp-content\/uploads\/2024\/10\/hur_dev_prop_140_toon_HUR_CINE_ON_1024x1024_v001_1100.jpg 1024w\" sizes=\"(max-width: 300px) 100vw, 300px\" \/>\t\t\t\t\t\t\t\t\t\t\t\t\t\t\t<\/div>\n\t\t\t\t<\/div>\n\t\t\t\t<div class=\"elementor-element elementor-element-35bf10e elementor-widget elementor-widget-image\" data-id=\"35bf10e\" data-element_type=\"widget\" data-e-type=\"widget\" data-widget_type=\"image.default\">\n\t\t\t\t<div class=\"elementor-widget-container\">\n\t\t\t\t\t\t\t\t\t\t\t\t\t\t\t<img loading=\"lazy\" decoding=\"async\" width=\"900\" height=\"900\" src=\"https:\/\/hurtyworld.com\/wp-content\/uploads\/2026\/02\/hur_dev_prop_140_toon_EVE_CONOCE_ON_1024x1024_v001_1100.jpg\" class=\"attachment-large size-large wp-image-54864\" alt=\"\" srcset=\"https:\/\/hurtyworld.com\/wp-content\/uploads\/2026\/02\/hur_dev_prop_140_toon_EVE_CONOCE_ON_1024x1024_v001_1100.jpg 1024w, https:\/\/hurtyworld.com\/wp-content\/uploads\/2026\/02\/hur_dev_prop_140_toon_EVE_CONOCE_ON_1024x1024_v001_1100-300x300.jpg 300w, https:\/\/hurtyworld.com\/wp-content\/uploads\/2026\/02\/hur_dev_prop_140_toon_EVE_CONOCE_ON_1024x1024_v001_1100-150x150.jpg 150w, https:\/\/hurtyworld.com\/wp-content\/uploads\/2026\/02\/hur_dev_prop_140_toon_EVE_CONOCE_ON_1024x1024_v001_1100-768x768.jpg 768w, https:\/\/hurtyworld.com\/wp-content\/uploads\/2026\/02\/hur_dev_prop_140_toon_EVE_CONOCE_ON_1024x1024_v001_1100-75x75.jpg 75w, https:\/\/hurtyworld.com\/wp-content\/uploads\/2026\/02\/hur_dev_prop_140_toon_EVE_CONOCE_ON_1024x1024_v001_1100-470x470.jpg 470w, https:\/\/hurtyworld.com\/wp-content\/uploads\/2026\/02\/hur_dev_prop_140_toon_EVE_CONOCE_ON_1024x1024_v001_1100-100x100.jpg 100w\" sizes=\"(max-width: 900px) 100vw, 900px\" \/>\t\t\t\t\t\t\t\t\t\t\t\t\t\t\t<\/div>\n\t\t\t\t<\/div>\n\t\t\t\t<div class=\"elementor-element elementor-element-86e9ce0 elementor-widget elementor-widget-image\" data-id=\"86e9ce0\" data-element_type=\"widget\" data-e-type=\"widget\" data-widget_type=\"image.default\">\n\t\t\t\t<div class=\"elementor-widget-container\">\n\t\t\t\t\t\t\t\t\t\t\t\t\t\t\t<img loading=\"lazy\" decoding=\"async\" width=\"300\" height=\"300\" src=\"https:\/\/hurtyworld.com\/wp-content\/uploads\/2026\/02\/hur_dev_prop_140_toon_DIDI_APRENDE_ON_1024x1024_v001_1100-300x300.jpg\" class=\"elementor-animation-shrink attachment-medium size-medium wp-image-54906\" alt=\"\" srcset=\"https:\/\/hurtyworld.com\/wp-content\/uploads\/2026\/02\/hur_dev_prop_140_toon_DIDI_APRENDE_ON_1024x1024_v001_1100-300x300.jpg 300w, https:\/\/hurtyworld.com\/wp-content\/uploads\/2026\/02\/hur_dev_prop_140_toon_DIDI_APRENDE_ON_1024x1024_v001_1100-150x150.jpg 150w, https:\/\/hurtyworld.com\/wp-content\/uploads\/2026\/02\/hur_dev_prop_140_toon_DIDI_APRENDE_ON_1024x1024_v001_1100-768x768.jpg 768w, https:\/\/hurtyworld.com\/wp-content\/uploads\/2026\/02\/hur_dev_prop_140_toon_DIDI_APRENDE_ON_1024x1024_v001_1100-75x75.jpg 75w, https:\/\/hurtyworld.com\/wp-content\/uploads\/2026\/02\/hur_dev_prop_140_toon_DIDI_APRENDE_ON_1024x1024_v001_1100-470x470.jpg 470w, https:\/\/hurtyworld.com\/wp-content\/uploads\/2026\/02\/hur_dev_prop_140_toon_DIDI_APRENDE_ON_1024x1024_v001_1100-100x100.jpg 100w, https:\/\/hurtyworld.com\/wp-content\/uploads\/2026\/02\/hur_dev_prop_140_toon_DIDI_APRENDE_ON_1024x1024_v001_1100.jpg 1024w\" sizes=\"(max-width: 300px) 100vw, 300px\" \/>\t\t\t\t\t\t\t\t\t\t\t\t\t\t\t<\/div>\n\t\t\t\t<\/div>\n\t\t\t\t<div class=\"elementor-element elementor-element-df8a789 elementor-widget elementor-widget-image\" data-id=\"df8a789\" data-element_type=\"widget\" data-e-type=\"widget\" data-widget_type=\"image.default\">\n\t\t\t\t<div class=\"elementor-widget-container\">\n\t\t\t\t\t\t\t\t\t\t\t\t\t\t\t<img loading=\"lazy\" decoding=\"async\" width=\"300\" height=\"300\" src=\"https:\/\/hurtyworld.com\/wp-content\/uploads\/2024\/12\/hur_dev_prop_140_toon_HH_PLAY_ON_1024x1024_v001_1100-300x300.jpg\" class=\"elementor-animation-bounce-out attachment-medium size-medium wp-image-55070\" alt=\"\" srcset=\"https:\/\/hurtyworld.com\/wp-content\/uploads\/2024\/12\/hur_dev_prop_140_toon_HH_PLAY_ON_1024x1024_v001_1100-300x300.jpg 300w, https:\/\/hurtyworld.com\/wp-content\/uploads\/2024\/12\/hur_dev_prop_140_toon_HH_PLAY_ON_1024x1024_v001_1100-100x100.jpg 100w, https:\/\/hurtyworld.com\/wp-content\/uploads\/2024\/12\/hur_dev_prop_140_toon_HH_PLAY_ON_1024x1024_v001_1100-470x470.jpg 470w, https:\/\/hurtyworld.com\/wp-content\/uploads\/2024\/12\/hur_dev_prop_140_toon_HH_PLAY_ON_1024x1024_v001_1100-150x150.jpg 150w, https:\/\/hurtyworld.com\/wp-content\/uploads\/2024\/12\/hur_dev_prop_140_toon_HH_PLAY_ON_1024x1024_v001_1100-768x768.jpg 768w, https:\/\/hurtyworld.com\/wp-content\/uploads\/2024\/12\/hur_dev_prop_140_toon_HH_PLAY_ON_1024x1024_v001_1100-75x75.jpg 75w, https:\/\/hurtyworld.com\/wp-content\/uploads\/2024\/12\/hur_dev_prop_140_toon_HH_PLAY_ON_1024x1024_v001_1100.jpg 1024w\" sizes=\"(max-width: 300px) 100vw, 300px\" \/>\t\t\t\t\t\t\t\t\t\t\t\t\t\t\t<\/div>\n\t\t\t\t<\/div>\n\t\t\t\t<\/div>\n\t\t\t\t<\/div>\n\t\t<div class=\"elementor-element elementor-element-1bc22ab e-flex e-con-boxed e-con e-parent\" data-id=\"1bc22ab\" data-element_type=\"container\" data-e-type=\"container\">\n\t\t\t\t\t<div class=\"e-con-inner\">\n\t\t\t\t<div class=\"elementor-element elementor-element-96b5789 elementor-widget elementor-widget-spacer\" data-id=\"96b5789\" data-element_type=\"widget\" data-e-type=\"widget\" data-widget_type=\"spacer.default\">\n\t\t\t\t<div class=\"elementor-widget-container\">\n\t\t\t\t\t\t\t<div class=\"elementor-spacer\">\n\t\t\t<div class=\"elementor-spacer-inner\"><\/div>\n\t\t<\/div>\n\t\t\t\t\t\t<\/div>\n\t\t\t\t<\/div>\n\t\t\t\t\t<\/div>\n\t\t\t\t<\/div>\n\t\t<div class=\"elementor-element elementor-element-6a8a923 e-flex e-con-boxed e-con e-parent\" data-id=\"6a8a923\" data-element_type=\"container\" data-e-type=\"container\">\n\t\t\t\t\t<div class=\"e-con-inner\">\n\t\t\t\t<div class=\"elementor-element elementor-element-9d06bfe elementor-widget elementor-widget-spacer\" data-id=\"9d06bfe\" data-element_type=\"widget\" data-e-type=\"widget\" data-widget_type=\"spacer.default\">\n\t\t\t\t<div class=\"elementor-widget-container\">\n\t\t\t\t\t\t\t<div class=\"elementor-spacer\">\n\t\t\t<div class=\"elementor-spacer-inner\"><\/div>\n\t\t<\/div>\n\t\t\t\t\t\t<\/div>\n\t\t\t\t<\/div>\n\t\t\t\t<div class=\"elementor-element elementor-element-149e2f3 elementor-widget elementor-widget-spacer\" data-id=\"149e2f3\" data-element_type=\"widget\" data-e-type=\"widget\" data-widget_type=\"spacer.default\">\n\t\t\t\t<div class=\"elementor-widget-container\">\n\t\t\t\t\t\t\t<div class=\"elementor-spacer\">\n\t\t\t<div class=\"elementor-spacer-inner\"><\/div>\n\t\t<\/div>\n\t\t\t\t\t\t<\/div>\n\t\t\t\t<\/div>\n\t\t<div class=\"elementor-element elementor-element-86200fd e-con-full e-flex e-con e-child\" data-id=\"86200fd\" data-element_type=\"container\" data-e-type=\"container\">\n\t\t\t\t<div class=\"elementor-element elementor-element-1bc8975 elementor-widget elementor-widget-heading\" data-id=\"1bc8975\" data-element_type=\"widget\" data-e-type=\"widget\" data-widget_type=\"heading.default\">\n\t\t\t\t<div class=\"elementor-widget-container\">\n\t\t\t\t\t<h2 class=\"elementor-heading-title elementor-size-default\">\u00bfQu\u00e9 es Hurty?<\/h2>\t\t\t\t<\/div>\n\t\t\t\t<\/div>\n\t\t\t\t<div class=\"elementor-element elementor-element-4c47708 elementor-widget elementor-widget-text-editor\" data-id=\"4c47708\" data-element_type=\"widget\" data-e-type=\"widget\" data-widget_type=\"text-editor.default\">\n\t\t\t\t<div class=\"elementor-widget-container\">\n\t\t\t\t\t\t\t\t\t<p>Hurty es una <strong>narrativa<\/strong> digital a partir de la cual desarrollamos contenidos <strong>informativos<\/strong>, <strong>educativos<\/strong> y <strong>t\u00e9cnicos<\/strong>, preferentemente a partir de 12 a\u00f1os, pero los hay para todos los niveles.<\/p><p>Si te interesa la psicolog\u00eda, encontrar\u00e1s quizzes y juegos que tienden un puente entre la cultura y la salud mental.<\/p>\t\t\t\t\t\t\t\t<\/div>\n\t\t\t\t<\/div>\n\t\t\t\t<\/div>\n\t\t\t\t<div class=\"elementor-element elementor-element-b2d0c49 elementor-widget elementor-widget-spacer\" data-id=\"b2d0c49\" data-element_type=\"widget\" data-e-type=\"widget\" data-widget_type=\"spacer.default\">\n\t\t\t\t<div class=\"elementor-widget-container\">\n\t\t\t\t\t\t\t<div class=\"elementor-spacer\">\n\t\t\t<div class=\"elementor-spacer-inner\"><\/div>\n\t\t<\/div>\n\t\t\t\t\t\t<\/div>\n\t\t\t\t<\/div>\n\t\t<div class=\"elementor-element elementor-element-0387313 e-con-full e-flex e-con e-child\" data-id=\"0387313\" data-element_type=\"container\" data-e-type=\"container\">\n\t\t\t\t<div class=\"elementor-element elementor-element-68c3b4f elementor-widget elementor-widget-heading\" data-id=\"68c3b4f\" data-element_type=\"widget\" data-e-type=\"widget\" data-widget_type=\"heading.default\">\n\t\t\t\t<div class=\"elementor-widget-container\">\n\t\t\t\t\t<h2 class=\"elementor-heading-title elementor-size-default\">Contacto:<\/h2>\t\t\t\t<\/div>\n\t\t\t\t<\/div>\n\t\t\t\t<div class=\"elementor-element elementor-element-e65f47b elementor-widget elementor-widget-text-editor\" data-id=\"e65f47b\" data-element_type=\"widget\" data-e-type=\"widget\" data-widget_type=\"text-editor.default\">\n\t\t\t\t<div class=\"elementor-widget-container\">\n\t\t\t\t\t\t\t\t\t<p>Se trata de un proyecto creado en 2024 y en constante crecimiento.<\/p><p>Puedes escribir a <a href=\"mailto:contact@hurtyworld.com\">contact@hurtyworld.com<\/a> con cualquier pregunta, comentario o sugerencia.<\/p>\t\t\t\t\t\t\t\t<\/div>\n\t\t\t\t<\/div>\n\t\t\t\t<\/div>\n\t\t\t\t<div class=\"elementor-element elementor-element-cd13e64 elementor-widget elementor-widget-spacer\" data-id=\"cd13e64\" data-element_type=\"widget\" data-e-type=\"widget\" data-widget_type=\"spacer.default\">\n\t\t\t\t<div class=\"elementor-widget-container\">\n\t\t\t\t\t\t\t<div class=\"elementor-spacer\">\n\t\t\t<div class=\"elementor-spacer-inner\"><\/div>\n\t\t<\/div>\n\t\t\t\t\t\t<\/div>\n\t\t\t\t<\/div>\n\t\t\t\t\t<\/div>\n\t\t\t\t<\/div>\n\t\t\t\t<\/div>\n\t\t","protected":false},"excerpt":{"rendered":"<p>https:\/\/hurtyworld.com\/wp-content\/uploads\/2025\/05\/hur_dev_prop_140_toon_low.mp4 Mi habilidad Mundo Hurty 50% Bienvenido a Hurty World Elige tu opci\u00f3n: \u00bfQu\u00e9 es Hurty? Hurty es una narrativa digital a partir de la cual desarrollamos contenidos informativos, educativos y t\u00e9cnicos, preferentemente a partir de 12 a\u00f1os, pero los hay para todos los niveles. Si te interesa la psicolog\u00eda, encontrar\u00e1s quizzes y juegos que<a href=\"https:\/\/hurtyworld.com\/es\/\" class=\"more-link\"><span class=\"screen-reader-text\">HurtyWorld<\/span><\/a><\/p>\n","protected":false},"author":1,"featured_media":57748,"parent":0,"menu_order":1,"comment_status":"closed","ping_status":"closed","template":"elementor_theme","meta":{"pmpro_default_level":"","footnotes":""},"class_list":["post-54372","page","type-page","status-publish","has-post-thumbnail","hentry","pmpro-has-access"],"_links":{"self":[{"href":"https:\/\/hurtyworld.com\/es\/wp-json\/wp\/v2\/pages\/54372","targetHints":{"allow":["GET"]}}],"collection":[{"href":"https:\/\/hurtyworld.com\/es\/wp-json\/wp\/v2\/pages"}],"about":[{"href":"https:\/\/hurtyworld.com\/es\/wp-json\/wp\/v2\/types\/page"}],"author":[{"embeddable":true,"href":"https:\/\/hurtyworld.com\/es\/wp-json\/wp\/v2\/users\/1"}],"replies":[{"embeddable":true,"href":"https:\/\/hurtyworld.com\/es\/wp-json\/wp\/v2\/comments?post=54372"}],"version-history":[{"count":0,"href":"https:\/\/hurtyworld.com\/es\/wp-json\/wp\/v2\/pages\/54372\/revisions"}],"wp:featuredmedia":[{"embeddable":true,"href":"https:\/\/hurtyworld.com\/es\/wp-json\/wp\/v2\/media\/57748"}],"wp:attachment":[{"href":"https:\/\/hurtyworld.com\/es\/wp-json\/wp\/v2\/media?parent=54372"}],"curies":[{"name":"wp","href":"https:\/\/api.w.org\/{rel}","templated":true}]}}