{"id":54395,"date":"2024-08-15T10:59:44","date_gmt":"2024-08-15T09:59:44","guid":{"rendered":"https:\/\/hurtyworld.com\/accede-como-miembro\/"},"modified":"2025-10-30T21:13:58","modified_gmt":"2025-10-30T20:13:58","slug":"accede-como-miembro","status":"publish","type":"page","link":"https:\/\/hurtyworld.com\/es\/accede-como-miembro\/","title":{"rendered":"Suscr\u00edbete"},"content":{"rendered":"\t\t<div data-elementor-type=\"wp-page\" data-elementor-id=\"54395\" class=\"elementor elementor-54395 elementor-114\">\n\t\t\t\t<div class=\"elementor-element elementor-element-c9539ac e-flex e-con-boxed e-con e-parent\" data-id=\"c9539ac\" data-element_type=\"container\" data-e-type=\"container\">\n\t\t\t\t\t<div class=\"e-con-inner\">\n\t\t\t\t<div class=\"elementor-element elementor-element-769a51d elementor-widget elementor-widget-stm_membership_levels\" data-id=\"769a51d\" data-element_type=\"widget\" data-e-type=\"widget\" data-widget_type=\"stm_membership_levels.default\">\n\t\t\t\t<div class=\"elementor-widget-container\">\n\t\t\t\t\t\n<div class=\"stm_lms_levels__head\">\n\t<h1 class=\"stm_lms_levels__head_title\">Planes de membres\u00eda<\/h1>\n<\/div>\n\n<div class=\"stm_lms_levels__wrapper\">\n\t\n\t\t<div class=\"stm_lms_levels__container\">\n\t\t\t<div class=\"stm_lms_levels \">\n\t\t\t\t\t\t\t\t<div class=\"stm_lms_levels__name standard_padding\">\n\t\t\t\t\t<h2 class=\"stm_lms_levels__name_title\">\n\t\t\t\t\t\tFree\t\t\t\t\t\t\t\t\t\t\t<\/h2>\n\t\t\t\t<\/div>\n\t\t\t\t<div class=\"stm_lms_levels__price\">\n\t\t\t\t\t<h3 class=\"stm_lms_levels__price_value price_Gratis\">Gratis<\/h3>\n\t\t\t\t<\/div>\n\t\t\t\t\t\t\t\t\t<div class=\"stm_lms_levels__price_description\">\n\t\t\t\t\t\t\t\t\t\t\t\t\t<span>\n\t\t\t\t\t\t\tCaduca despu\u00e9s de: 1 A\u00f1o\t\t\t\t\t\t\t<\/span>\n\t\t\t\t\t\t\t\t\t\t\t<\/div>\n\t\t\t\t\t\t\t\t\t\t\t\t\t<div class=\"stm_lms_levels__description\">\n\t\t\t\t\t\t<img fetchpriority=\"high\" decoding=\"async\" class=\"alignnone size-medium wp-image-58383\" src=\"https:\/\/hurtyworld.com\/wp-content\/uploads\/2026\/02\/hur_dev_memberships_169_free_v02_low-300x176.png\" alt=\"\" width=\"300\" height=\"176\" srcset=\"https:\/\/hurtyworld.com\/wp-content\/uploads\/2026\/02\/hur_dev_memberships_169_free_v02_low-300x176.png 300w, https:\/\/hurtyworld.com\/wp-content\/uploads\/2026\/02\/hur_dev_memberships_169_free_v02_low-768x450.png 768w, https:\/\/hurtyworld.com\/wp-content\/uploads\/2026\/02\/hur_dev_memberships_169_free_v02_low.png 1024w\" sizes=\"(max-width: 300px) 100vw, 300px\" \/>\r\n\r\n\ud83c\uddec\ud83c\udde7\u00a0 Access to <strong>FREE content<\/strong>: courses, quizs, interviews and more.\r\n\r\n<\/p>\r\n\r\n\ud83c\uddea\ud83c\uddf8\u00a0 Contenidos <strong>GRATIS<\/strong> como: cursos, quizs, entrevistas y mucho m\u00e1s.\t\t\t\t\t<\/div>\n\t\t\t\t\t\t\t\t<div class=\"stm_lms_levels__order\">\n\t\t\t\t\t<div class=\"stm_lms_levels__button before_level_items\">\n\t\t\t\t\t\t<a class=\"stm_lms_levels__button_element\" href=\"https:\/\/hurtyworld.com\/es\/pago-de-afiliacion\/?level=1\">\n\t\t\t\t\t\t\tGet started\t\t\t\t\t\t<\/a>\n\t\t\t\t\t<\/div>\n\t\t\t\t\t<div class=\"stm_lms_levels__items\">\n\t\t\t\t\t\t\t\t\t\t\t\t\t<div class=\"stm_lms_levels__item\">\n\t\t\t\t\t\t\t\t<span class=\"stm_lms_levels__items_icon\">\n\t\t\t\t\t\t\t\t\t\t\t\t\t\t\t\t\t\t\t\t<i class=\"stmlms-check-3-circle\"><\/i>\n\t\t\t\t\t\t\t\t\t\t\t\t\t\t\t\t\t\t\t<\/span>\n\t\t\t\t\t\t\t\tCourses included: unlim\t\t\t\t\t\t\t<\/div>\n\t\t\t\t\t\t\t\t\t\t\t\t\t\t\t\t\t<\/div>\n\t\t\t\t<\/div>\n\t\t\t<\/div>\n\t\t<\/div>\n\t\n\t\t<div class=\"stm_lms_levels__container\">\n\t\t\t<div class=\"stm_lms_levels \">\n\t\t\t\t\t\t\t\t<div class=\"stm_lms_levels__name standard_padding\">\n\t\t\t\t\t<h2 class=\"stm_lms_levels__name_title\">\n\t\t\t\t\t\tSilver Member\t\t\t\t\t\t\t\t\t\t\t<\/h2>\n\t\t\t\t<\/div>\n\t\t\t\t<div class=\"stm_lms_levels__price\">\n\t\t\t\t\t<h3 class=\"stm_lms_levels__price_value price_1.00&euro;\">1.00&euro;<\/h3>\n\t\t\t\t<\/div>\n\t\t\t\t\t\t\t\t\t<div class=\"stm_lms_levels__price_description\">\n\t\t\t\t\t\t\t\t\t\t\t\t\t<span>\n\t\t\t\t\t\t\tCaduca despu\u00e9s de: 1 A\u00f1o\t\t\t\t\t\t\t<\/span>\n\t\t\t\t\t\t\t\t\t\t\t<\/div>\n\t\t\t\t\t\t\t\t\t\t\t\t\t<div class=\"stm_lms_levels__description\">\n\t\t\t\t\t\t\ud83c\uddec\ud83c\udde7\u00a0 Access to \"HURTY\" SHORTFILM. Like a ticket that will go to support this site.\r\n<\/p>\r\n\ud83c\uddea\ud83c\uddf8\u00a0 CORTOMETRAJE \u00abHURTY\u00bb. Pi\u00e9nsalo como un ticket que nos ayuda a amortizar esta producci\u00f3n.\t\t\t\t\t<\/div>\n\t\t\t\t\t\t\t\t<div class=\"stm_lms_levels__order\">\n\t\t\t\t\t<div class=\"stm_lms_levels__button before_level_items\">\n\t\t\t\t\t\t<a class=\"stm_lms_levels__button_element\" href=\"https:\/\/hurtyworld.com\/es\/pago-de-afiliacion\/?level=3\">\n\t\t\t\t\t\t\tGet started\t\t\t\t\t\t<\/a>\n\t\t\t\t\t<\/div>\n\t\t\t\t\t<div class=\"stm_lms_levels__items\">\n\t\t\t\t\t\t\t\t\t\t\t\t\t<div class=\"stm_lms_levels__item\">\n\t\t\t\t\t\t\t\t<span class=\"stm_lms_levels__items_icon\">\n\t\t\t\t\t\t\t\t\t\t\t\t\t\t\t\t\t\t\t\t<i class=\"stmlms-check-3-circle\"><\/i>\n\t\t\t\t\t\t\t\t\t\t\t\t\t\t\t\t\t\t\t<\/span>\n\t\t\t\t\t\t\t\tCourses included: 1\t\t\t\t\t\t\t<\/div>\n\t\t\t\t\t\t\t\t\t\t\t\t\t\t\t\t\t<\/div>\n\t\t\t\t<\/div>\n\t\t\t<\/div>\n\t\t<\/div>\n\t\n\t\t<div class=\"stm_lms_levels__container\">\n\t\t\t<div class=\"stm_lms_levels \">\n\t\t\t\t\t\t\t\t<div class=\"stm_lms_levels__name standard_padding\">\n\t\t\t\t\t<h2 class=\"stm_lms_levels__name_title\">\n\t\t\t\t\t\tGold Member\t\t\t\t\t\t\t\t\t\t\t<\/h2>\n\t\t\t\t<\/div>\n\t\t\t\t<div class=\"stm_lms_levels__price\">\n\t\t\t\t\t<h3 class=\"stm_lms_levels__price_value price_125.00&euro;\">125.00&euro;<\/h3>\n\t\t\t\t<\/div>\n\t\t\t\t\t\t\t\t\t<div class=\"stm_lms_levels__price_description\">\n\t\t\t\t\t\t\t\t\t\t\t\t\t<span>\n\t\t\t\t\t\t\tCaduca despu\u00e9s de: 1 A\u00f1o\t\t\t\t\t\t\t<\/span>\n\t\t\t\t\t\t\t\t\t\t\t<\/div>\n\t\t\t\t\t\t\t\t\t\t\t\t\t<div class=\"stm_lms_levels__description\">\n\t\t\t\t\t\t<img decoding=\"async\" class=\"alignnone size-medium wp-image-58385\" src=\"https:\/\/hurtyworld.com\/wp-content\/uploads\/2026\/02\/hur_dev_memberships_169_gold_v02_low-300x176.png\" alt=\"\" width=\"300\" height=\"176\" srcset=\"https:\/\/hurtyworld.com\/wp-content\/uploads\/2026\/02\/hur_dev_memberships_169_gold_v02_low-300x176.png 300w, https:\/\/hurtyworld.com\/wp-content\/uploads\/2026\/02\/hur_dev_memberships_169_gold_v02_low-768x450.png 768w, https:\/\/hurtyworld.com\/wp-content\/uploads\/2026\/02\/hur_dev_memberships_169_gold_v02_low.png 1024w\" sizes=\"(max-width: 300px) 100vw, 300px\" \/>\r\n\r\n\ud83c\uddec\ud83c\udde7 <strong>ALL MATERIALS<\/strong>. Content will grow over time.\r\n<\/p>\r\n\ud83c\uddea\ud83c\uddf8 <strong>TODOS LOS MATERIALES<\/strong>. El contenido crecer\u00e1 con el tiempo.\t\t\t\t\t<\/div>\n\t\t\t\t\t\t\t\t<div class=\"stm_lms_levels__order\">\n\t\t\t\t\t<div class=\"stm_lms_levels__button before_level_items\">\n\t\t\t\t\t\t<a class=\"stm_lms_levels__button_element\" href=\"https:\/\/hurtyworld.com\/es\/pago-de-afiliacion\/?level=2\">\n\t\t\t\t\t\t\tGet started\t\t\t\t\t\t<\/a>\n\t\t\t\t\t<\/div>\n\t\t\t\t\t<div class=\"stm_lms_levels__items\">\n\t\t\t\t\t\t\t\t\t\t\t\t\t<div class=\"stm_lms_levels__item\">\n\t\t\t\t\t\t\t\t<span class=\"stm_lms_levels__items_icon\">\n\t\t\t\t\t\t\t\t\t\t\t\t\t\t\t\t\t\t\t\t<i class=\"stmlms-check-3-circle\"><\/i>\n\t\t\t\t\t\t\t\t\t\t\t\t\t\t\t\t\t\t\t<\/span>\n\t\t\t\t\t\t\t\tCourses included: unlim\t\t\t\t\t\t\t<\/div>\n\t\t\t\t\t\t\t\t\t\t\t\t\t\t\t\t\t<\/div>\n\t\t\t\t<\/div>\n\t\t\t<\/div>\n\t\t<\/div>\n\t<\/div>\n\t\t\t\t<\/div>\n\t\t\t\t<\/div>\n\t\t\t\t\t<\/div>\n\t\t\t\t<\/div>\n\t\t<div class=\"elementor-element elementor-element-7aafd0a e-flex e-con-boxed e-con e-parent\" data-id=\"7aafd0a\" data-element_type=\"container\" data-e-type=\"container\">\n\t\t\t\t\t<div class=\"e-con-inner\">\n\t\t\t\t<div class=\"elementor-element elementor-element-edc4712 elementor-widget elementor-widget-heading\" data-id=\"edc4712\" data-element_type=\"widget\" data-e-type=\"widget\" data-widget_type=\"heading.default\">\n\t\t\t\t<div class=\"elementor-widget-container\">\n\t\t\t\t\t<h2 class=\"elementor-heading-title elementor-size-default\">\u00bfQui\u00e9n es Hurty ?<\/h2>\t\t\t\t<\/div>\n\t\t\t\t<\/div>\n\t\t\t\t<div class=\"elementor-element elementor-element-ddda8b6 elementor-widget elementor-widget-text-editor\" data-id=\"ddda8b6\" data-element_type=\"widget\" data-e-type=\"widget\" data-widget_type=\"text-editor.default\">\n\t\t\t\t<div class=\"elementor-widget-container\">\n\t\t\t\t\t\t\t\t\t<p>Bienvenido a Hurty World. <\/p><p>Puedes acceder a contenidos privados mediante suscripci\u00f3n.<\/p><hr><div id=\"block-3267a032258d8666a076\" class=\"sqs-block html-block sqs-block-html\" data-block-type=\"2\"><div class=\"sqs-block-content\"><div class=\"sqs-html-content\"><p class=\"\">Hurty es una NARRATIVA DIGITAL cuya pieza principal es el corto de animaci\u00f3n cg &#8220;Hurty&#8221;. Est\u00e1 realizada con Blender, que es un software de c\u00f3digo abierto desarrollado por la Blender Foundation, una fundaci\u00f3n sin \u00e1nimo de lucro con sede en \u00c1msterdam (Pa\u00edses Bajos). <\/p><p>Blender es un proyecto p\u00fablico alojado en blender.org, con licencia GNU GPL, propiedad de sus colaboradores.<\/p><p>Por eso Blender es software Libre y de C\u00f3digo Abierto, para siempre.<\/p><p>Desde Hurty desarrollamos contenidos DIVULGATIVOS\/DE EDUCACI\u00d3N Y T\u00c9CNICOS, preferentemente a partir de 12 a\u00f1os. Hay contenidos para todos los niveles, que ir\u00e1n creciendo con el proyecto. <\/p><p>Podr\u00e1s encontrar CUESTIONARIOS y JUEGOS sencillos que crean un puente entre la cultura y la salud mental.<\/p><\/div><\/div><\/div><div id=\"block-yui_3_17_2_1_1706113876043_341125\" class=\"sqs-block horizontalrule-block sqs-block-horizontalrule\" data-block-type=\"47\"><div class=\"sqs-block-content\"><hr><\/div><\/div><p>&#8220;Hurty&#8221; es un proyecto que ha recibido el apoyo de la mcu para su desarrollo en 2024.<\/p><p>AYUDAS P\u00daBLICAS PARA LA PROMOCI\u00d3N DEL SECTOR DEL VIDEOJUEGO, DEL P\u00d3DCAST Y OTRAS FORMAS DE CREACI\u00d3N DIGITAL.<\/p>\t\t\t\t\t\t\t\t<\/div>\n\t\t\t\t<\/div>\n\t\t\t\t\t<\/div>\n\t\t\t\t<\/div>\n\t\t<div class=\"elementor-element elementor-element-bbeeb3f e-flex e-con-boxed e-con e-parent\" data-id=\"bbeeb3f\" data-element_type=\"container\" data-e-type=\"container\">\n\t\t\t\t\t<div class=\"e-con-inner\">\n\t\t\t\t<div class=\"elementor-element elementor-element-d146b69 elementor-widget elementor-widget-spacer\" data-id=\"d146b69\" data-element_type=\"widget\" data-e-type=\"widget\" data-widget_type=\"spacer.default\">\n\t\t\t\t<div class=\"elementor-widget-container\">\n\t\t\t\t\t\t\t<div class=\"elementor-spacer\">\n\t\t\t<div class=\"elementor-spacer-inner\"><\/div>\n\t\t<\/div>\n\t\t\t\t\t\t<\/div>\n\t\t\t\t<\/div>\n\t\t\t\t\t<\/div>\n\t\t\t\t<\/div>\n\t\t\t\t<\/div>\n\t\t","protected":false},"excerpt":{"rendered":"<p>Membership plans Free Free Expires after: 1 Year \ud83c\uddec\ud83c\udde7\u00a0 Access to FREE content: courses, quizs, interviews and more. \ud83c\uddea\ud83c\uddf8\u00a0 Contenidos GRATIS como: cursos, quizs, entrevistas y mucho m\u00e1s. Get started Courses included: unlim Silver Member &euro;1.00 Expires after: 1 Year \ud83c\uddec\ud83c\udde7\u00a0 Pre-order access to &#8220;HURTY&#8221; SHORTFILM after its tour in 2025 Festivals \ud83c\uddea\ud83c\uddf8\u00a0 CORTOMETRAJE \u00abHURTY\u00bb<a href=\"https:\/\/hurtyworld.com\/es\/accede-como-miembro\/\" class=\"more-link\"><span class=\"screen-reader-text\">Suscr\u00edbete<\/span><\/a><\/p>\n","protected":false},"author":1,"featured_media":0,"parent":0,"menu_order":8,"comment_status":"closed","ping_status":"closed","template":"","meta":{"pmpro_default_level":"","footnotes":""},"class_list":["post-54395","page","type-page","status-publish","hentry","pmpro-has-access"],"_links":{"self":[{"href":"https:\/\/hurtyworld.com\/es\/wp-json\/wp\/v2\/pages\/54395","targetHints":{"allow":["GET"]}}],"collection":[{"href":"https:\/\/hurtyworld.com\/es\/wp-json\/wp\/v2\/pages"}],"about":[{"href":"https:\/\/hurtyworld.com\/es\/wp-json\/wp\/v2\/types\/page"}],"author":[{"embeddable":true,"href":"https:\/\/hurtyworld.com\/es\/wp-json\/wp\/v2\/users\/1"}],"replies":[{"embeddable":true,"href":"https:\/\/hurtyworld.com\/es\/wp-json\/wp\/v2\/comments?post=54395"}],"version-history":[{"count":0,"href":"https:\/\/hurtyworld.com\/es\/wp-json\/wp\/v2\/pages\/54395\/revisions"}],"wp:attachment":[{"href":"https:\/\/hurtyworld.com\/es\/wp-json\/wp\/v2\/media?parent=54395"}],"curies":[{"name":"wp","href":"https:\/\/api.w.org\/{rel}","templated":true}]}}