{"id":55289,"date":"2024-12-22T19:40:43","date_gmt":"2024-12-22T18:40:43","guid":{"rendered":"https:\/\/hurtyworld.com\/elementor-55284\/"},"modified":"2026-02-21T16:34:21","modified_gmt":"2026-02-21T15:34:21","slug":"aviso-legal","status":"publish","type":"page","link":"https:\/\/hurtyworld.com\/es\/aviso-legal\/","title":{"rendered":"Aviso legal"},"content":{"rendered":"\t\t<div data-elementor-type=\"wp-page\" data-elementor-id=\"55289\" class=\"elementor elementor-55289 elementor-55284\">\n\t\t\t\t<div class=\"elementor-element elementor-element-17e27ab e-flex e-con-boxed e-con e-parent\" data-id=\"17e27ab\" data-element_type=\"container\" data-e-type=\"container\">\n\t\t\t\t\t<div class=\"e-con-inner\">\n\t\t\t\t<div class=\"elementor-element elementor-element-78def9f elementor-widget elementor-widget-text-editor\" data-id=\"78def9f\" data-element_type=\"widget\" data-e-type=\"widget\" data-widget_type=\"text-editor.default\">\n\t\t\t\t<div class=\"elementor-widget-container\">\n\t\t\t\t\t\t\t\t\t<h2>Identificaci\u00f3n de datos<\/h2><p>Nombre de dominio: www.hurtyworld.com<br>Raz\u00f3n social: Jorge Vidal<br>Alta como aut\u00f3nomo en el RETA<br>(R\u00e9gimen Especial de Trabajadores Aut\u00f3nomos)<br>NIF: 50207155<br>Domicilio Social: Av. Men\u00e9ndez Pelayo 44, BC, Madrid. Espa\u00f1a.<br>e-mail: contact@hurtyworld.com o hurty@jordalefou.com<\/p><h2>Objeto<\/h2><p>Jorge Vidal M\u00e9ndez, responsable del sitio web, en adelante el Prestador, pone a disposici\u00f3n de los usuarios el presente documento con el que pretende dar cumplimiento a las obligaciones dispuestas en la Ley 34\/2002, de Servicios de la Sociedad de la Informaci\u00f3n y del Comercio Electr\u00f3nico (LSSICE), as\u00ed como informar a todos los usuarios del sitio web respecto a cu\u00e1les son las condiciones de uso del mismo.<\/p><p>Toda persona que acceda a este sitio web asume el papel de usuario, comprometi\u00e9ndose a la observancia y cumplimiento riguroso de las disposiciones aqu\u00ed dispuestas, as\u00ed como a cualquier otra disposici\u00f3n legal que fuera de aplicaci\u00f3n.<\/p><p>El prestador se reserva el derecho a modificar cualquier tipo de informaci\u00f3n que pudiera aparecer en el sitio web, sin que exista obligaci\u00f3n de preavisar o poner en conocimiento de los usuarios dichas obligaciones, entendi\u00e9ndose como suficiente con la publicaci\u00f3n en el sitio web del prestador.<\/p><h2>Responsabilidad<\/h2><p>El Proveedor se exime de cualquier tipo de responsabilidad derivada de la informaci\u00f3n publicada en su sitio web, siempre que esta informaci\u00f3n haya sido manipulada o introducida por un tercero ajeno al Proveedor.<\/p><h2>Uso de cookies<\/h2><p>Este sitio web utiliza cookies t\u00e9cnicas para llevar a cabo determinadas funciones que se consideran esenciales para el funcionamiento del sitio. Las cookies utilizadas tienen, en su mayor\u00eda, car\u00e1cter temporal, con la \u00fanica finalidad de hacer m\u00e1s eficaz la navegaci\u00f3n, y desaparecen al terminar la sesi\u00f3n del usuario. En ning\u00fan caso estas cookies proporcionan por s\u00ed mismas datos personales y no se utilizar\u00e1n para recoger dichos datos.<\/p><p>(Ver nuestra &#8220;Pol\u00edtica de Cookies&#8221;).<\/p><h2>Direcciones IP<\/h2><p>Los servidores del sitio web pueden detectar autom\u00e1ticamente la direcci\u00f3n IP y el nombre de dominio utilizados por el usuario.<\/p><h2>Pol\u00edtica de enlaces<\/h2><p>Desde este sitio web puedes ser redirigido a contenidos de sitios web externos. El Proveedor no asume responsabilidad alguna por dicho contenido.<\/p><p>El Proveedor no es responsable de la informaci\u00f3n y contenidos proporcionados por terceros. En cumplimiento de lo dispuesto en el art. 11 y 16 de la LSSICE, el Prestador.<\/p><p>En caso de que el usuario considere que existe en el sitio web alg\u00fan contenido que pudiera ser susceptible de esta clasificaci\u00f3n, se ruega lo notifique de forma inmediata a contact@hurtyworld.com.<\/p><p>Este sitio web est\u00e1 operativo a trav\u00e9s de un servicio externo 365 d\u00edas al a\u00f1o, 24 horas al d\u00eda. En caso de ca\u00edda del servidor, el servicio se reanudar\u00e1 lo antes posible.<\/p><h2>Protecci\u00f3n de datos<\/h2><p>El Prestador en cumplimiento de la normativa sobre protecci\u00f3n de datos de car\u00e1cter personal, y garantiza el cumplimiento \u00edntegro de las obligaciones exigidas, as\u00ed como la implementaci\u00f3n de las medidas de seguridad previstas en la normativa vigente en el Reglamento General de Protecci\u00f3n de Datos, Reglamento (UE) 2016\/679 y la Ley Org\u00e1nica (ES) 3\/2018 de Protecci\u00f3n de Datos y Garant\u00eda de los Derechos Digitales.<\/p><p>En cumplimiento de la Ley 34\/2002, de 11 de julio, de Servicios de la Sociedad de la Informaci\u00f3n y Comercio Electr\u00f3nico se solicitar\u00e1 tu consentimiento para el tratamiento de tu correo electr\u00f3nico con fines comerciales. Puedes revocar este consentimiento en cualquier momento.<\/p><p>(Consulta nuestra &#8220;Pol\u00edtica de privacidad&#8221;).<\/p><h2>SSL<\/h2><p>Este portal tiene un certificado SSL (&#8220;Secure Sockets Layer&#8221;) que protege toda la informaci\u00f3n personal y confidencial.<\/p><h2>Propiedad intelectual e industrial<\/h2><p>Los contenidos del sitio web se encuentran debidamente protegidos por la normativa de propiedad intelectual e industrial. Son propiedad del Proveedor o, en su caso, tienen licencia o autorizaci\u00f3n expresa de los colaboradores.<\/p><p>Puedes realizar cualquier comentario sobre posibles vulneraciones de derechos de propiedad intelectual o industrial a trav\u00e9s del siguiente correo electr\u00f3nico: contact@hurtyworld.com<\/p><h2>Legislaci\u00f3n y jurisdicci\u00f3n aplicables<\/h2><p>Para la resoluci\u00f3n de todas las controversias o cuestiones relacionadas con el presente sitio web o de las actividades en \u00e9l desarrolladas, ser\u00e1 de aplicaci\u00f3n la legislaci\u00f3n espa\u00f1ola, a la que se someten expresamente las partes, siendo competentes para la resoluci\u00f3n de todos los conflictos derivados o relacionados con su uso los Juzgados y Tribunales de Madrid, salvo que la ley imponga otro fuero.<\/p>\t\t\t\t\t\t\t\t<\/div>\n\t\t\t\t<\/div>\n\t\t\t\t\t<\/div>\n\t\t\t\t<\/div>\n\t\t\t\t<\/div>\n\t\t","protected":false},"excerpt":{"rendered":"<p>Identificaci\u00f3n de datos Nombre de dominio: www.hurtyworld.comRaz\u00f3n social: Jorge VidalAlta como aut\u00f3nomo en el RETA(R\u00e9gimen Especial de Trabajadores Aut\u00f3nomos)NIF: 50207155Domicilio Social: Av. Men\u00e9ndez Pelayo 44, BC, Madrid. Espa\u00f1a.e-mail: contact@hurtyworld.com o hurty@jordalefou.com Objeto Jorge Vidal M\u00e9ndez, responsable del sitio web, en adelante el Prestador, pone a disposici\u00f3n de los usuarios el presente documento con el que<a href=\"https:\/\/hurtyworld.com\/es\/aviso-legal\/\" class=\"more-link\"><span class=\"screen-reader-text\">Aviso legal<\/span><\/a><\/p>\n","protected":false},"author":1,"featured_media":0,"parent":0,"menu_order":0,"comment_status":"closed","ping_status":"closed","template":"elementor_theme","meta":{"pmpro_default_level":"","footnotes":""},"class_list":["post-55289","page","type-page","status-publish","hentry","pmpro-has-access"],"_links":{"self":[{"href":"https:\/\/hurtyworld.com\/es\/wp-json\/wp\/v2\/pages\/55289","targetHints":{"allow":["GET"]}}],"collection":[{"href":"https:\/\/hurtyworld.com\/es\/wp-json\/wp\/v2\/pages"}],"about":[{"href":"https:\/\/hurtyworld.com\/es\/wp-json\/wp\/v2\/types\/page"}],"author":[{"embeddable":true,"href":"https:\/\/hurtyworld.com\/es\/wp-json\/wp\/v2\/users\/1"}],"replies":[{"embeddable":true,"href":"https:\/\/hurtyworld.com\/es\/wp-json\/wp\/v2\/comments?post=55289"}],"version-history":[{"count":0,"href":"https:\/\/hurtyworld.com\/es\/wp-json\/wp\/v2\/pages\/55289\/revisions"}],"wp:attachment":[{"href":"https:\/\/hurtyworld.com\/es\/wp-json\/wp\/v2\/media?parent=55289"}],"curies":[{"name":"wp","href":"https:\/\/api.w.org\/{rel}","templated":true}]}}