{"id":55493,"date":"2024-12-29T11:54:01","date_gmt":"2024-12-29T10:54:01","guid":{"rendered":"https:\/\/hurtyworld.com\/terminos-y-condiciones-2\/"},"modified":"2026-02-21T16:28:50","modified_gmt":"2026-02-21T15:28:50","slug":"terminos-condiciones","status":"publish","type":"page","link":"https:\/\/hurtyworld.com\/es\/terminos-condiciones\/","title":{"rendered":"T\u00e9rminos y condiciones"},"content":{"rendered":"\t\t<div data-elementor-type=\"wp-page\" data-elementor-id=\"55493\" class=\"elementor elementor-55493 elementor-55487\">\n\t\t\t\t<div class=\"elementor-element elementor-element-4bf1797c e-flex e-con-boxed e-con e-parent\" data-id=\"4bf1797c\" data-element_type=\"container\" data-e-type=\"container\">\n\t\t\t\t\t<div class=\"e-con-inner\">\n\t\t\t\t<div class=\"elementor-element elementor-element-20f2ded8 elementor-widget elementor-widget-text-editor\" data-id=\"20f2ded8\" data-element_type=\"widget\" data-e-type=\"widget\" data-widget_type=\"text-editor.default\">\n\t\t\t\t<div class=\"elementor-widget-container\">\n\t\t\t\t\t\t\t\t\t<h2>CONDICIONES GENERALES<\/h2><h2>1. Intro<\/h2><p>El presente documento contractual regir\u00e1 las Condiciones Generales de contrataci\u00f3n de cursos o contenidos en &#8220;www.hurtyworld.com&#8221; (en adelante, &#8220;Condiciones&#8221;), propiedad de Jorge Vidal M\u00e9ndez bajo la marca comercial de Hurty, en adelante, PRESTADOR, cuyos datos de contacto figuran tambi\u00e9n en el Aviso Legal de esta Web.<\/p><p>Las presentes Condiciones permanecer\u00e1n publicadas en el sitio web a disposici\u00f3n del USUARIO para reproducirlas y conservarlas como confirmaci\u00f3n del contrato, pudiendo ser modificadas en cualquier momento por el PRESTADOR. Es responsabilidad del USUARIO leerlas peri\u00f3dicamente, ya que ser\u00e1n de aplicaci\u00f3n las que est\u00e9n vigentes en el momento de realizar el pedido. <\/p><p>Los contratos no estar\u00e1n sujetos a formalidad alguna con excepci\u00f3n de los casos expresamente se\u00f1alados en los C\u00f3digos Civil y de Comercio y en \u00e9sta u otras leyes especiales.<\/p><p>La aceptaci\u00f3n de este documento implica que el USUARIO:<\/p><p>El USUARIO declara haber le\u00eddo, entendido y aceptado en su totalidad los t\u00e9rminos y condiciones aqu\u00ed enunciados. Asimismo, declara tener capacidad legal suficiente para celebrar el presente contrato, y se compromete a cumplir con todas las obligaciones y responsabilidades derivadas del mismo. <\/p><p>Las presentes condiciones tendr\u00e1n una vigencia indefinida y ser\u00e1n aplicables a todas las contrataciones realizadas a trav\u00e9s del sitio web del PRESTADOR.<\/p><p>El PROVEEDOR informa que es responsable y conocedor de la legislaci\u00f3n vigente, y se reserva el derecho a modificar unilateralmente las condiciones, sin que ello afecte a los t\u00e9rminos y condiciones que estuvieran implantados con anterioridad a la modificaci\u00f3n.<\/p><h2>2. Identidad de las partes<br><\/h2><p>De una parte, el PRESTADOR de los cursos de formaci\u00f3n contratados por el USUARIO es Jorge Vidal M\u00e9ndez, con domicilio social en Avenida Men\u00e9ndez Pelayo 44 BC 28007 (Madrid), DNI 50207155H y con direcci\u00f3n de correo electr\u00f3nico de atenci\u00f3n al USUARIO: contact@hurtyworld.com y tfn +34 679665020.<\/p><p>Por su parte, el USUARIO, registrado en el sitio web a trav\u00e9s de un nombre de usuario y contrase\u00f1a, sobre el que recae toda la responsabilidad de uso y custodia, responder\u00e1 de la veracidad de los datos personales facilitados al PRESTADOR.<\/p><h2>3. Object del contrato<br><\/h2><p>El presente contrato tiene por objeto regular la relaci\u00f3n contractual de compraventa entre el PRESTADOR y el USUARIO cuando el USUARIO acepte la casilla correspondiente durante el proceso de contrataci\u00f3n online.<\/p><p>The contractual relationship of purchase and sale entails the delivery, in exchange for a determined price and publicly displayed through the website, of a specific content.<\/p><h2>4. Propiedad intelectual<\/h2><p>El USUARIO no est\u00e1 autorizado a transferir, cambiar e intercambiar de ninguna manera los derechos de licencia y obligaciones bajo este contrato, excepto que la forma y el contenido pueden ser alterados bajo la condici\u00f3n de que los cambios sean pre-acordados por escrito con el PRESTADOR.<\/p><p>Cualquier transferencia de propiedad del PRESTADOR al USUARIO queda expresamente excluida en el presente contrato -o condiciones generales de venta-.<\/p><p>El acceso y uso a los, materiales y dem\u00e1s contenidos es personal e intransferible, quedando prohibida su utilizaci\u00f3n o distribuci\u00f3n parcial o total. El USUARIO se compromete a hacer un uso diligente de los mismos y a no ponerlos a disposici\u00f3n de terceros, as\u00ed como a comunicar al PRESTADOR la p\u00e9rdida o robo de los mismos o del posible acceso por un tercero no autorizado. <\/p><p>En caso de uso indebido, el PROVEEDOR proceder\u00e1 al bloqueo inmediato y a posibles acciones legales.<\/p><h2>5. Procedimiento de contrataci\u00f3n<\/h2><p>Para acceder a los servicios ofrecidos por el PRESTADOR, el USUARIO deber\u00e1 registrarse a trav\u00e9s del sitio web mediante la creaci\u00f3n de una cuenta de usuario. Por ello, el USUARIO deber\u00e1 facilitar libre y voluntariamente los datos personales que le ser\u00e1n requeridos, los cuales ser\u00e1n tratados conforme a lo dispuesto en el Reglamento (UE) 2016\/679 de 27 de abril de 2016 (RGPD) relativo a la protecci\u00f3n de las personas f\u00edsicas en lo que respecta al tratamiento de datos personales y a la libre circulaci\u00f3n de estos datos y la Ley Org\u00e1nica 3\/2018, de 5 de diciembre (LOPDGDD) de protecci\u00f3n de datos de car\u00e1cter personal y detallado en el Aviso Legal y Pol\u00edtica de Privacidad de este sitio web. <\/p><p>El USUARIO seleccionar\u00e1 un nombre de usuario y una contrase\u00f1a, comprometi\u00e9ndose a hacer un uso diligente de los mismos y a no ponerlos a disposici\u00f3n de terceros, as\u00ed como a comunicar al PRESTADOR la p\u00e9rdida o robo de los mismos o del posible acceso por un tercero no autorizado, de forma que se proceda al bloqueo inmediato.<\/p><p>Once the user account has been created, in accordance with Article 27 of Law 34\/2002, of Services of the Information Society and Electronic Commerce (LSSICE), the contracting procedure will follow the following steps:<\/p><ol><li>Cl\u00e1usulas generales de contrataci\u00f3n<\/li><li>Activaci\u00f3n de servicios<\/li><li>Derecho de desistimiento<\/li><li>Reclamaciones y resoluci\u00f3n de litigios en l\u00ednea<\/li><li>Fuerza mayor<\/li><li>Competencia<\/li><li>Generalidades de la oferta<\/li><li>Acceso al contenido<\/li><li>Post venta<\/li><li>Obligaciones y responsabilidades del cliente<\/li><li>Precio y plazo de validez de la oferta<\/li><li>Pago \u00fanico<\/li><li>Transporte<\/li><li>Formas de pago, cargos y descuentos<\/li><li>Medidas de seguridad<\/li><li>Medidas de seguridad<\/li><li>Pedidos<\/li><li>Disociaci\u00f3n y suspensi\u00f3n o rescisi\u00f3n del contrato<\/li><li>Ley aplicable y jurisdicci\u00f3n<\/li><\/ol><h3>1. Cl\u00e1usulas generales de contrataci\u00f3n<\/h3><p>Salvo estipulaci\u00f3n escrita en contrario, la realizaci\u00f3n de un pedido al PRESTADOR implica la aceptaci\u00f3n por parte del USUARIO de las presentes condiciones legales.<\/p><h3>2. Activaci\u00f3n de servicios<\/h3><p>El PRESTADOR no asumir\u00e1 responsabilidad alguna cuando la activaci\u00f3n del curso no se produzca, debido a que los datos facilitados por el USUARIO sean falsos, inexactos o incompletos.<\/p><p>La prestaci\u00f3n del servicio se entender\u00e1 realizada en el momento en que el USUARIO haya accedido a los contenidos.<\/p><h3>3. Derecho de desistimiento<\/h3><p>El USUARIO dispone de un plazo de quince d\u00edas naturales desde la celebraci\u00f3n del contrato para ejercer el derecho de desistimiento, siempre que no haya accedido al contenido.<\/p><p>Si el PRESTADOR no ha cumplido con el deber de informaci\u00f3n y documentaci\u00f3n sobre el derecho de desistimiento, el plazo para su ejercicio finalizar\u00e1 a los doce meses de la fecha de expiraci\u00f3n del plazo inicial de desistimiento (art\u00edculo 71 de la Ley 3\/2014, de 27 de marzo).<\/p><p>El derecho de desistimiento no podr\u00e1 ejercerse en los siguientes casos:<\/p><p>Una vez que se ha accedido al contenido.<\/p><p>Any return must be communicated to the PROVIDER, requesting a return number using the form enabled for this purpose, or by email to contact@hurtyworld.com, indicating the corresponding order number.<\/p><h3>4. Reclamaciones y resoluci\u00f3n de litigios en l\u00ednea<\/h3><p>Cualquier reclamaci\u00f3n que el USUARIO considere oportuna ser\u00e1 atendida a la mayor brevedad posible, en las siguientes direcciones de contacto:<br>Direcci\u00f3n: Jorge Vidal M\u00e9ndez, Avenida Men\u00e9ndez Pelayo 44 BC Madrid (28007)<br>Correo electr\u00f3nico: contact@hurtyworld.com<br>Tel\u00e9fono: +34 679665020<\/p><p><em>Resoluci\u00f3n de litigios en l\u00ednea<\/em><\/p><p><em>De conformidad con el Art. 14.1 del Reglamento (UE) 524\/2013, la Comisi\u00f3n Europea ofrece una plataforma de libre acceso para la resoluci\u00f3n de conflictos en l\u00ednea entre el USUARIO y el PRESTADOR, sin recurrir a los tribunales de justicia, mediante la intervenci\u00f3n de un tercero, denominado \u00d3rgano de Resoluci\u00f3n de Conflictos, que act\u00faa como intermediario entre ambos.Este \u00f3rgano es neutral y dialogar\u00e1 con ambas partes para llegar a un acuerdo, pudiendo finalmente sugerir y\/o imponer una soluci\u00f3n al conflicto. <\/em><\/p><p><em>Enlace a la plataforma ODR: <a href=\"http:\/\/ec.europa.eu\/consumers\/odr\/\">http:\/\/ec.europa.eu\/consumers\/odr\/<\/a><\/em><\/p><h3>5. Fuerza mayor<\/h3><p>Las partes no ser\u00e1n responsables de los incumplimientos debidos a fuerza mayor. El cumplimiento de la obligaci\u00f3n se retrasar\u00e1 hasta que cese el caso de fuerza mayor. <\/p><h3>6. Competence\/Jurisdiction<\/h3><p>El USUARIO no podr\u00e1 ceder, transferir o transmitir los derechos, responsabilidades y obligaciones contra\u00eddas en la venta.<\/p><p>Si alguna estipulaci\u00f3n de las presentes condiciones fuera considerada nula o de imposible cumplimiento, la validez, legalidad y cumplimiento del resto no se ver\u00e1n afectados en modo alguno, ni ser\u00e1n modificadas en modo alguno.<\/p><p>El USUARIO declara haber le\u00eddo, conocer y aceptar \u00edntegramente las presentes condiciones.<\/p><h3>7. Generalidades de la oferta<\/h3><p>Todas las ventas realizadas por el PRESTADOR se entender\u00e1n sujetas a las presentes Condiciones.<\/p><p>Ninguna modificaci\u00f3n, alteraci\u00f3n o pacto contrario a la Propuesta Comercial de Jorge Vidal M\u00e9ndez o a lo aqu\u00ed estipulado surtir\u00e1 efecto alguno, salvo pacto expreso por escrito firmado por el PRESTADOR, en cuyo caso, prevalecer\u00e1n estos pactos particulares.<\/p><p>El PRESTADOR se reserva el derecho de modificar sus especificaciones en cuanto a la informaci\u00f3n proporcionada en su publicidad, siempre y cuando no afecte el valor de los servicios ofrecidos, lo cual tambi\u00e9n ser\u00e1 v\u00e1lido en caso de que, por cualquier motivo, se vea afectada la posibilidad de suministrar los servicios ofrecidos.<\/p><h3>8. Acceso a los contenidos<\/h3><p>El PRESTADOR se reserva el derecho a interrumpir los contenidos a trav\u00e9s de su servidor, para efectuar operaciones esenciales de mantenimiento, para mejorar las prestaciones de la red, o por cualquier otra causa operativa de mantenimiento. Asimismo, informar\u00e1 al USUARIO de la fecha en la que tiene previsto realizar el mantenimiento. <\/p><p>El PRESTADOR no ser\u00e1 responsable de la imposibilidad del USUARIO de acceder a la formaci\u00f3n en caso de interrupci\u00f3n del servicio de red, virus o similares.<\/p><p>El PRESTADOR declina toda responsabilidad por el acceso no autorizado a los sistemas inform\u00e1ticos, o por el robo de cualquier dato como consecuencia del mismo. El PROVEEDOR aplica los medios adecuados para evitar intrusiones ilegales. El PRESTADOR no ser\u00e1 responsable en ning\u00fan caso de los da\u00f1os relacionados con las mismas, tales como p\u00e9rdida de explotaci\u00f3n, lucro cesante, p\u00e9rdida de valor, da\u00f1os o gastos.  <\/p><p>El PRESTADOR se compromete a ejercer con la debida diligencia y cuidado su oferta, prestando un servicio de calidad, de acuerdo con las pr\u00e1cticas habituales del sector, sin perjuicio de la interrupci\u00f3n de los servicios expl\u00edcitamente solicitados a requerimiento de las autoridades administrativas.<\/p><p>Las Partes acuerdan que el PRESTADOR tiene derecho a modificar los servicios sin previo aviso.<\/p><h3>9. Servicios postventa<\/h3><p>El cliente puede ponerse en contacto con el PROVEEDOR para cualquier consulta relacionada con el contenido de Hurtyworld.com en: contact@hurtyworld.com.<\/p><p>No utilizaci\u00f3n prolongada del sitio web<\/p><p>El PRESTADOR se reserva el derecho a eliminar la informaci\u00f3n relativa al USUARIO en caso de no utilizaci\u00f3n prolongada de estos servicios, correspondiente a un periodo superior a 365 d\u00edas.<\/p><h3>10. Obligaciones y responsabilidad del cliente<\/h3><p>El USUARIO acepta expresamente haber verificado la compatibilidad entre su solicitud y la oferta de servicios y reconoce plenamente haber recibido toda la informaci\u00f3n y asesoramiento necesarios por parte del PRESTADOR, para que el presente acuerdo pueda entrar en vigor con conocimiento y certeza vinculante.<\/p><p>El USUARIO se compromete a verificar su identidad<\/p><p>El USUARIO garantiza que actuar\u00e1 bajo su exclusiva responsabilidad si, como consecuencia del acceso a los contenidos, \u00e9ste no se realiza conforme a lo que pueden considerarse actos razonables de uso por parte del USUARIO, que dispone de su acceso y contrase\u00f1a y no respeta la gu\u00eda general e instrucciones de uso correctas facilitadas inicialmente por el PRESTADOR.<\/p><p>El USUARIO, en su caso, informar\u00e1 al ALUMNO de estas condiciones y ser\u00e1 responsable al respecto.<\/p><p>Las partes intervinientes en el contrato reconocen asimismo que el PRESTADOR tiene la facultad de modificar con total transparencia la prestaci\u00f3n del servicio sin previo aviso, salvo para informar al USUARIO de que se ajustar\u00e1 el nivel de prestaci\u00f3n de los servicios ya prestados.<\/p><p>El USUARIO reconoce conocer las disposiciones de los reglamentos relativos a la seguridad (protecci\u00f3n o seguridad) y a la seguridad operacional. El USUARIO ser\u00e1 el \u00fanico responsable de las consecuencias derivadas del incumplimiento de dicha normativa y de las presentes Condiciones. <\/p><h3>11. Precio y periodo de validez de la oferta<\/h3><p>Los precios que se indican respecto de cada servicio no incluyen el Impuesto sobre el Valor A\u00f1adido (IVA) u otros impuestos que pudieran ser aplicables. Estos precios, a menos que se indique expresamente lo contrario, pueden no incluir los gastos de cualesquiera otros servicios adicionales y anexos al servicio adquirido. <\/p><p>Los precios aplicables a cada servicio son los publicados en el sitio web y se expresar\u00e1n en la moneda EURO. Algunos de los servicios podr\u00e1 variar en tiempo real. <\/p><p>Antes de realizar la compra podr\u00e1 comprobar en l\u00ednea todos los detalles del presupuesto: cursos de formaci\u00f3n, cantidades, precio, disponibilidad, cargos, descuentos, impuestos y el total de la compra. Los precios pueden cambiar diariamente mientras no se realice el pedido. <\/p><p>Condiciones particulares de los servicios seg\u00fan las distintas formas de pago:<\/p><h3>12. Un pago<\/h3><p>El USUARIO paga por abono o contenido de una sola vez y as\u00ed tendr\u00e1 acceso inmediato al contenido indicado seg\u00fan materia.<\/p><p>El USUARIO paga por abono o contenido de una sola vez y as\u00ed tendr\u00e1 acceso inmediato al contenido indicado seg\u00fan materia.<\/p><h3>13. Transporte<\/h3><p>Dado que el pedido no implica la entrega f\u00edsica de ning\u00fan producto, no hay gastos de env\u00edo ni de transporte.<\/p><h3>14. Formas de pago, gastos y descuentos<\/h3><p>El PRESTADOR es responsable de las transacciones econ\u00f3micas y posibilita las siguientes formas para efectuar el pago de un pedido:<\/p><p>Paypal<\/p><h3>15. Medidas de seguridad<\/h3><p>El sitio web utiliza t\u00e9cnicas de seguridad de la informaci\u00f3n generalmente aceptadas en la industria, tales como SSL, datos introducidos en p\u00e1gina segura, firewalls, procedimientos de control de acceso y mecanismos criptogr\u00e1ficos, todo ello con el objeto de evitar el acceso no autorizado a los datos. Para lograr estos fines, la usuaria\/o\/cliente acepta que la PRESTADOR obtenga datos para efecto de la correspondiente autenticaci\u00f3n de los controles de acceso. <\/p><p>El PRESTADOR se compromete a no permitir ninguna transacci\u00f3n que sea o sea considerada ilegal por las marcas de tarjetas de cr\u00e9dito o el banco adquiriente, que pueda o tenga el potencial de da\u00f1ar la buena voluntad de los mismos o influir de manera negativa en ellos.<\/p><p>Las siguientes actividades est\u00e1n prohibidas en los programas de las marcas de tarjetas: la venta u oferta de un producto o servicio que no cumpla con todas las leyes aplicables al Comprador, Banco Emisor, Comerciante o Titular de la(s) tarjeta(s).<\/p><h3>16. Proceso de compra<\/h3><p>Cesta de la compra (simulaci\u00f3n de presupuesto)<\/p><p>El precio incluir\u00e1 el calculo de impuestos, cargos y descuentos seg\u00fan los datos introducidos.  <\/p><p>Se pueden adquirir contenidos individuales, incluidos en la subscripci\u00f3n.<\/p><p>Pasos para formalizaci\u00f3n:<\/p><p>\u2013 Comprobaci\u00f3n de los datos de facturaci\u00f3n.<br><br><br>\u2013 Comprobaci\u00f3n del m\u00e9todo de prestaci\u00f3n del curso de formaci\u00f3n (descarga, activaci\u00f3n\u2026).<br><br><br>\u2013 Selecci\u00f3n de la forma de pago.<br><br><br>\u2013 Realizar el pedido (comprar).<\/p><p>Una vez procesado el pedido, el sistema env\u00eda instant\u00e1neamente un correo electr\u00f3nico al departamento de gesti\u00f3n del PRESTADOR y otro al correo de la USUARIO confirmando la realizaci\u00f3n del pedido.<\/p><p>En caso de controversias relativas a la naturaleza de los servicios del PRESTADOR o al uso de la USUARIO del sitio web, la informaci\u00f3n guardada en el dispositivo de pago electr\u00f3nico y en el marco de la recolecci\u00f3n autom\u00e1tica de informaci\u00f3n por el PRESTADOR, podr\u00eda utilizarse como evidencia entre ambas partes.<\/p><h3>17. Pedidos (solicitudes de compra)<\/h3><p>En un m\u00e1ximo de 24 horas, en d\u00edas laborables, se enviar\u00e1 un correo electr\u00f3nico al USUARIO confirmando el estado del pedido y la fecha de activaci\u00f3n.<\/p><p>Procedimiento de activaci\u00f3n del servicio (acceso a los contenidos)<\/p><p>El USUARIO recibir\u00e1 sus datos de acceso (nombre de usuaria\/o\/contrase\u00f1a). El acceso a la formaci\u00f3n en l\u00ednea, otorgado por el PRESTADOR, es estrictamente privado. La transmisi\u00f3n de los datos de acceso (nombre de usuaria\/o\/contrase\u00f1a) a un tercero est\u00e1 prohibida.  <\/p><p>El USUARIO acepta no dar, bajo ninguna circunstancia el acceso a terceros cualquiera que sea la forma. <\/p><p>&#8230;  <\/p><h3>18. Desvinculaci\u00f3n y suspensi\u00f3n o rescisi\u00f3n del contrato<\/h3><p>Si cualquiera de estos t\u00e9rminos y condiciones se considerara ilegal, nula o por cualquier raz\u00f3n inaplicable, esta condici\u00f3n se considerar\u00e1 separable y no afectar\u00e1 la validez y aplicabilidad de ninguna de las condiciones restantes.<\/p><p>El PRESTADOR podr\u00e1, sin previo aviso, suspender o terminar el acceso del USUARIO a sus servicios y a la formaci\u00f3n, en su totalidad o en parte, por cualquier raz\u00f3n v\u00e1lida, incluyendo, sin limitaciones, cuando la USUARIO no cumpla o siga cualquiera de las obligaciones establecidas en este documento o cualquier disposici\u00f3n legal, licencia, reglamento, directiva, c\u00f3digo de pr\u00e1cticas o pol\u00edticas de uso aplicables.<\/p><p>El uso indebido por parte del USUARIO conllevar\u00e1 al bloqueo inmediato del acceso a la plataforma del PRESTADOR y las acciones legales pertinentes.<\/p><p>Cuando el PRESTADOR ejerza cualquiera de sus derechos o facultades bajo esta Cl\u00e1usula, tal ejercicio no perjudicar\u00e1 ni afectar\u00e1 el ejercicio de cualquier otro derecho, facultad o recurso que pueda estar a disposici\u00f3n del PRESTADOR.<\/p><h3>19. Legislaci\u00f3n y jurisdicci\u00f3n aplicables<\/h3><p>Estas condiciones se regir\u00e1n o interpretar\u00e1n conforme a la legislaci\u00f3n espa\u00f1ola en aquello que no est\u00e9 expresamente establecido. El PRESTADOR y el USUARIO acuerdan someter a los juzgados y tribunales del domicilio del USUARIO cualquier controversia que pudiera suscitarse de la prestaci\u00f3n de los productos o servicios objeto de estas Condiciones. <\/p><p>En caso de que el USUARIO tenga su domicilio fuera de Espa\u00f1a, el PRESTADOR y el USUARIO renuncian expresamente a cualquier otro foro, someti\u00e9ndose al Organismo de resoluci\u00f3n de litigios que actuar\u00e1 de intermediario entre ambos conforme el Art. 14.1 del Reglamento (UE) 524\/2013, sin necesidad de recurrir a los tribunales de justicia. Par m\u00e1s informaci\u00f3n consulte la cl\u00e1usula \u201c4. RECLAMACIONES Y RESOLUCI\u00d3N DE LITIGIOS EN L\u00cdNEA\u201d de estas Condiciones. <\/p><p>Fecha de publicaci\u00f3n: 31\/12\/2024<\/p>\t\t\t\t\t\t\t\t<\/div>\n\t\t\t\t<\/div>\n\t\t\t\t\t<\/div>\n\t\t\t\t<\/div>\n\t\t\t\t<\/div>\n\t\t","protected":false},"excerpt":{"rendered":"<p>CONDICIONES GENERALES 1. Intro El presente documento contractual regir\u00e1 las Condiciones Generales de contrataci\u00f3n de cursos o contenidos en &#8220;www.hurtyworld.com&#8221; (en adelante, &#8220;Condiciones&#8221;), propiedad de Jorge Vidal M\u00e9ndez bajo la marca comercial de Hurty, en adelante, PRESTADOR, cuyos datos de contacto figuran tambi\u00e9n en el Aviso Legal de esta Web. Las presentes Condiciones permanecer\u00e1n publicadas<a href=\"https:\/\/hurtyworld.com\/es\/terminos-condiciones\/\" class=\"more-link\"><span class=\"screen-reader-text\">T\u00e9rminos y condiciones<\/span><\/a><\/p>\n","protected":false},"author":1,"featured_media":0,"parent":0,"menu_order":0,"comment_status":"closed","ping_status":"closed","template":"elementor_theme","meta":{"pmpro_default_level":"","footnotes":""},"class_list":["post-55493","page","type-page","status-publish","hentry","pmpro-has-access"],"_links":{"self":[{"href":"https:\/\/hurtyworld.com\/es\/wp-json\/wp\/v2\/pages\/55493","targetHints":{"allow":["GET"]}}],"collection":[{"href":"https:\/\/hurtyworld.com\/es\/wp-json\/wp\/v2\/pages"}],"about":[{"href":"https:\/\/hurtyworld.com\/es\/wp-json\/wp\/v2\/types\/page"}],"author":[{"embeddable":true,"href":"https:\/\/hurtyworld.com\/es\/wp-json\/wp\/v2\/users\/1"}],"replies":[{"embeddable":true,"href":"https:\/\/hurtyworld.com\/es\/wp-json\/wp\/v2\/comments?post=55493"}],"version-history":[{"count":0,"href":"https:\/\/hurtyworld.com\/es\/wp-json\/wp\/v2\/pages\/55493\/revisions"}],"wp:attachment":[{"href":"https:\/\/hurtyworld.com\/es\/wp-json\/wp\/v2\/media?parent=55493"}],"curies":[{"name":"wp","href":"https:\/\/api.w.org\/{rel}","templated":true}]}}